{"id":46,"date":"2019-09-03T19:38:01","date_gmt":"2019-09-03T19:38:01","guid":{"rendered":"http:\/\/amanteattardsom.com\/?page_id=46"},"modified":"2019-09-04T19:27:55","modified_gmt":"2019-09-04T19:27:55","slug":"home","status":"publish","type":"page","link":"https:\/\/amanteattardsom.com\/","title":{"rendered":"Home"},"content":{"rendered":"<body><style><span data-mce-type=\"bookmark\" style=\"display: inline-block; width: 0px; overflow: hidden; line-height: 0;\" class=\"mce_SELRES_start\">\ufeff<br \/>\n.center {<br \/>  margin: auto;<br \/>  width: 100%;<br \/>}<br \/><\/style>\n<div><div id=\"metaslider-id-80\" style=\"max-width: 1024px;\" class=\"ml-slider-3-108-0 metaslider metaslider-coin metaslider-80 ml-slider has-dots-nav ms-theme-default\" role=\"region\" aria-label=\"Home_Page_Slider\" data-height=\"512\" data-width=\"1024\">\n    <div id=\"metaslider_container_80\">\n        <div id='metaslider_80' class='coin-slider'>\n<a href=\"javascript:void(0)\" target=\"_self\"><img src=\"https:\/\/i0.wp.com\/amanteattardsom.com\/wp-content\/uploads\/2019\/09\/5.jpg?resize=1024%2C512&#038;ssl=1\" height=\"512\" width=\"1024\" alt=\"\" class=\"slider-80 slide-107 msDefaultImage\" title=\"5\" style=\"display: none;\" data-recalc-dims=\"1\" \/><\/a>\n<a href=\"javascript:void(0)\" target=\"_self\"><img src=\"https:\/\/i0.wp.com\/amanteattardsom.com\/wp-content\/uploads\/2019\/09\/1.jpg?resize=1024%2C512&#038;ssl=1\" height=\"512\" width=\"1024\" alt=\"\" class=\"slider-80 slide-85 msDefaultImage\" title=\"1\" style=\"display: none;\" data-recalc-dims=\"1\" \/><\/a>\n<a href=\"javascript:void(0)\" target=\"_self\"><img src=\"https:\/\/i0.wp.com\/amanteattardsom.com\/wp-content\/uploads\/2019\/09\/2.jpg?resize=1024%2C512&#038;ssl=1\" height=\"512\" width=\"1024\" alt=\"\" class=\"slider-80 slide-86 msDefaultImage\" title=\"2\" style=\"display: none;\" data-recalc-dims=\"1\" \/><\/a>\n<a href=\"javascript:void(0)\" target=\"_self\"><img src=\"https:\/\/i0.wp.com\/amanteattardsom.com\/wp-content\/uploads\/2020\/03\/4.jpg?resize=1024%2C512&#038;ssl=1\" height=\"512\" width=\"1024\" alt=\"\" class=\"slider-80 slide-87 msDefaultImage\" title=\"4\" style=\"display: none;\" data-recalc-dims=\"1\" \/><\/a>\n<a href=\"javascript:void(0)\" target=\"_self\"><img src=\"https:\/\/i0.wp.com\/amanteattardsom.com\/wp-content\/uploads\/2020\/03\/5.jpg?resize=1024%2C512&#038;ssl=1\" height=\"512\" width=\"1024\" alt=\"\" class=\"slider-80 slide-88 msDefaultImage\" title=\"5\" style=\"display: none;\" data-recalc-dims=\"1\" \/><\/a>\n        <\/div>\n        \n    <\/div>\n<\/div><\/div>\n<div class=\"center\"><\/div>\n<h1 class=\"center\" style=\"text-align: center;\">Most recent updates<\/h1>\n<div>      <div id=\"post-grid-lazy-90\" class=\"post-grid-lazy\"><img alt=\"\" src=\"\" \/><\/div>\n    <script>\n      jQuery('#post-grid-lazy-90').ready(function($) {\n        $('#post-grid-lazy-90').fadeOut();\n        $('#post-grid-90   ').fadeIn();\n      })\n    <\/script>\n    <style type=\"text\/css\">\n      #post-grid-90 {\n        display: none;\n      }\n\n      .post-grid-lazy {\n        text-align: center;\n      }\n    <\/style>\n    <div data-options='{&quot;id&quot;:&quot;90&quot;,&quot;lazy_load&quot;:&quot;yes&quot;,&quot;masonry_enable&quot;:&quot;no&quot;,&quot;view_type&quot;:&quot;grid&quot;}' id=\"post-grid-90\" class=\"post-grid grid\">\n    \n\n\n    <div class=\"grid-items\">\n      <div class=\"item item-479 skin flat even 0 \">\n        <div class=\"layer-wrapper layout-330\">\n          <div class=\"layer-media \"\r\n        id=\"\">\r\n        <div\r\n        class=\"element element_1  element-media \">\r\n        <img src=\"https:\/\/i0.wp.com\/amanteattardsom.com\/wp-content\/uploads\/2022\/12\/Poster-7.jpg?ssl=1\" data-recalc-dims=\"1\" \/>    <\/div>\r\n    <\/div>\r\n    <div class=\"layer-content element_3\"\r\n        id=\"\">\r\n        <div class=\"element element_4  title_link \">\r\n                    <a target=\"\"\r\n                href=\"https:\/\/amanteattardsom.com\/?p=479\">Miliedek it-Tajjeb &#8211; 16 u 17 ta&#8217; Di\u010bembru 2022<\/a>\r\n            <\/div>\r\n    <div class=\"element element_5  excerpt \">\r\n                    <\/div>\r\n            <a class=\"element element_6  read_more \"\r\n            target=\"\"\r\n            href=\"https:\/\/amanteattardsom.com\/?p=479\"><\/a>\r\n        <\/div>\r\n    <\/div>\n  <\/div><div class=\"item item-468 skin flat odd 1 \">\n        <div class=\"layer-wrapper layout-330\">\n          <div class=\"layer-media \"\r\n        id=\"\">\r\n        <div\r\n        class=\"element element_1  element-media \">\r\n        <img src=\"https:\/\/i0.wp.com\/amanteattardsom.com\/wp-content\/uploads\/2022\/11\/Studenti-wara-l-ezamijiet-26th-November-2022.jpg?ssl=1\" data-recalc-dims=\"1\" \/>    <\/div>\r\n    <\/div>\r\n    <div class=\"layer-content element_3\"\r\n        id=\"\">\r\n        <div class=\"element element_4  title_link \">\r\n                    <a target=\"\"\r\n                href=\"https:\/\/amanteattardsom.com\/?p=468\">STUDENTI JAG\u0126MLU L-E\u017bAMIJIET TAT-TEORIJA TAL-MU\u017bIKA<\/a>\r\n            <\/div>\r\n    <div class=\"element element_5  excerpt \">\r\n        \u0126dax-il student mill-Amante Attard School of Music\u00a0fi \u0127dan il-Banda 12th May g\u0127amlu l-e\u017camijiet tat-teorija tal-mu\u017cika tal-London College of Music (University            <\/div>\r\n            <a class=\"element element_6  read_more \"\r\n            target=\"\"\r\n            href=\"https:\/\/amanteattardsom.com\/?p=468\"><\/a>\r\n        <\/div>\r\n    <\/div>\n  <\/div><div class=\"item item-465 skin flat even 2 \">\n        <div class=\"layer-wrapper layout-330\">\n          <div class=\"layer-media \"\r\n        id=\"\">\r\n        <div\r\n        class=\"element element_1  element-media \">\r\n        <img src=\"https:\/\/i0.wp.com\/amanteattardsom.com\/wp-content\/uploads\/2022\/11\/Poster-YOUTH-CONCERT.jpg?ssl=1\" data-recalc-dims=\"1\" \/>    <\/div>\r\n    <\/div>\r\n    <div class=\"layer-content element_3\"\r\n        id=\"\">\r\n        <div class=\"element element_4  title_link \">\r\n                    <a target=\"\"\r\n                href=\"https:\/\/amanteattardsom.com\/?p=465\">YOUTH CONCERT 2022<\/a>\r\n            <\/div>\r\n    <div class=\"element element_5  excerpt \">\r\n                    <\/div>\r\n            <a class=\"element element_6  read_more \"\r\n            target=\"\"\r\n            href=\"https:\/\/amanteattardsom.com\/?p=465\"><\/a>\r\n        <\/div>\r\n    <\/div>\n  <\/div><div class=\"item item-455 skin flat odd 3 \">\n        <div class=\"layer-wrapper layout-330\">\n          <div class=\"layer-media \"\r\n        id=\"\">\r\n        <div\r\n        class=\"element element_1  element-media \">\r\n        <img src=\"https:\/\/i0.wp.com\/amanteattardsom.com\/wp-content\/uploads\/2021\/12\/266316320_10159860706055762_2134376329970047433_n.jpg?ssl=1\" data-recalc-dims=\"1\" \/>    <\/div>\r\n    <\/div>\r\n    <div class=\"layer-content element_3\"\r\n        id=\"\">\r\n        <div class=\"element element_4  title_link \">\r\n                    <a target=\"\"\r\n                href=\"https:\/\/amanteattardsom.com\/?p=455\">Kun\u010bert tal-Milied<\/a>\r\n            <\/div>\r\n    <div class=\"element element_5  excerpt \">\r\n                    <\/div>\r\n            <a class=\"element element_6  read_more \"\r\n            target=\"\"\r\n            href=\"https:\/\/amanteattardsom.com\/?p=455\"><\/a>\r\n        <\/div>\r\n    <\/div>\n  <\/div><div class=\"item item-449 skin flat even 4 \">\n        <div class=\"layer-wrapper layout-330\">\n          <div class=\"layer-media \"\r\n        id=\"\">\r\n        <div\r\n        class=\"element element_1  element-media \">\r\n        <img src=\"https:\/\/i0.wp.com\/amanteattardsom.com\/wp-content\/uploads\/2021\/09\/Poster-Final.png?ssl=1\" data-recalc-dims=\"1\" \/>    <\/div>\r\n    <\/div>\r\n    <div class=\"layer-content element_3\"\r\n        id=\"\">\r\n        <div class=\"element element_4  title_link \">\r\n                    <a target=\"\"\r\n                href=\"https:\/\/amanteattardsom.com\/?p=449\">VISUALISING MUSIC THROUGH HISTORY<\/a>\r\n            <\/div>\r\n    <div class=\"element element_5  excerpt \">\r\n        ??????????? ????? ??????? ??????? huwa pro\u0121ett kreattiv u innovattiv intenzjonat sabiex ikabbar il-\u0127iliet artisti\u010bi tal-istudenti tal-?????? ?????? ??\u210e??? ?? ?????            <\/div>\r\n            <a class=\"element element_6  read_more \"\r\n            target=\"\"\r\n            href=\"https:\/\/amanteattardsom.com\/?p=449\"><\/a>\r\n        <\/div>\r\n    <\/div>\n  <\/div><div class=\"item item-428 skin flat odd 5 \">\n        <div class=\"layer-wrapper layout-330\">\n          <div class=\"layer-media \"\r\n        id=\"\">\r\n        <div\r\n        class=\"element element_1  element-media \">\r\n        <img src=\"https:\/\/i0.wp.com\/amanteattardsom.com\/wp-content\/uploads\/2021\/03\/page01-2-scaled.jpg?ssl=1\" data-recalc-dims=\"1\" \/>    <\/div>\r\n    <\/div>\r\n    <div class=\"layer-content element_3\"\r\n        id=\"\">\r\n        <div class=\"element element_4  title_link \">\r\n                    <a target=\"\"\r\n                href=\"https:\/\/amanteattardsom.com\/?p=428\">Aktar su\u010b\u010bessi mill-istudenti tag\u0127na<\/a>\r\n            <\/div>\r\n    <div class=\"element element_5  excerpt \">\r\n                    <\/div>\r\n            <a class=\"element element_6  read_more \"\r\n            target=\"\"\r\n            href=\"https:\/\/amanteattardsom.com\/?p=428\"><\/a>\r\n        <\/div>\r\n    <\/div>\n  <\/div><div class=\"item item-424 skin flat even 6 \">\n        <div class=\"layer-wrapper layout-330\">\n          <div class=\"layer-media \"\r\n        id=\"\">\r\n        <div\r\n        class=\"element element_1  element-media \">\r\n        <img src=\"https:\/\/i0.wp.com\/amanteattardsom.com\/wp-content\/uploads\/2021\/03\/page01-1-scaled.jpg?ssl=1\" data-recalc-dims=\"1\" \/>    <\/div>\r\n    <\/div>\r\n    <div class=\"layer-content element_3\"\r\n        id=\"\">\r\n        <div class=\"element element_4  title_link \">\r\n                    <a target=\"\"\r\n                href=\"https:\/\/amanteattardsom.com\/?p=424\">STQARRIJA MARZU 21 &#8211; ONLINE LESSONS<\/a>\r\n            <\/div>\r\n    <div class=\"element element_5  excerpt \">\r\n                    <\/div>\r\n            <a class=\"element element_6  read_more \"\r\n            target=\"\"\r\n            href=\"https:\/\/amanteattardsom.com\/?p=424\"><\/a>\r\n        <\/div>\r\n    <\/div>\n  <\/div><div class=\"item item-419 skin flat odd 7 \">\n        <div class=\"layer-wrapper layout-330\">\n          <div class=\"layer-media \"\r\n        id=\"\">\r\n        <div\r\n        class=\"element element_1  element-media \">\r\n        <img src=\"https:\/\/i0.wp.com\/amanteattardsom.com\/wp-content\/uploads\/2021\/03\/page01-scaled.jpg?ssl=1\" data-recalc-dims=\"1\" \/>    <\/div>\r\n    <\/div>\r\n    <div class=\"layer-content element_3\"\r\n        id=\"\">\r\n        <div class=\"element element_4  title_link \">\r\n                    <a target=\"\"\r\n                href=\"https:\/\/amanteattardsom.com\/?p=419\">Passed with distinction<\/a>\r\n            <\/div>\r\n    <div class=\"element element_5  excerpt \">\r\n                    <\/div>\r\n            <a class=\"element element_6  read_more \"\r\n            target=\"\"\r\n            href=\"https:\/\/amanteattardsom.com\/?p=419\"><\/a>\r\n        <\/div>\r\n    <\/div>\n  <\/div><div class=\"item item-392 skin flat even 8 \">\n        <div class=\"layer-wrapper layout-330\">\n          <div class=\"layer-media \"\r\n        id=\"\">\r\n        <div\r\n        class=\"element element_1  element-media \">\r\n        <img src=\"https:\/\/i0.wp.com\/amanteattardsom.com\/wp-content\/uploads\/2020\/12\/Poster-for-fb.jpg?ssl=1\" data-recalc-dims=\"1\" \/>    <\/div>\r\n    <\/div>\r\n    <div class=\"layer-content element_3\"\r\n        id=\"\">\r\n        <div class=\"element element_4  title_link \">\r\n                    <a target=\"\"\r\n                href=\"https:\/\/amanteattardsom.com\/?p=392\">???? ??? ???? ??????? ????? ??????? ????<\/a>\r\n            <\/div>\r\n    <div class=\"element element_5  excerpt \">\r\n        ???? ??? ???? ??????? ????? ??????? ????, ??-???? ?? ? ?-\u0126??? ?? ??' ???\u0307????? ???-???. Prosit lill-istudenti parte\u010bipanti tal-?????? ??????            <\/div>\r\n            <a class=\"element element_6  read_more \"\r\n            target=\"\"\r\n            href=\"https:\/\/amanteattardsom.com\/?p=392\"><\/a>\r\n        <\/div>\r\n    <\/div>\n  <\/div><div class=\"item item-387 skin flat odd 9 \">\n        <div class=\"layer-wrapper layout-330\">\n          <div class=\"layer-media \"\r\n        id=\"\">\r\n        <div\r\n        class=\"element element_1  element-media \">\r\n        <img src=\"https:\/\/i0.wp.com\/amanteattardsom.com\/wp-content\/uploads\/2020\/12\/page01-1-scaled.jpg?ssl=1\" data-recalc-dims=\"1\" \/>    <\/div>\r\n    <\/div>\r\n    <div class=\"layer-content element_3\"\r\n        id=\"\">\r\n        <div class=\"element element_4  title_link \">\r\n                    <a target=\"\"\r\n                href=\"https:\/\/amanteattardsom.com\/?p=387\">E\u017camijiet tat-teorija tal-mu\u017cika London College of Music<\/a>\r\n            <\/div>\r\n    <div class=\"element element_5  excerpt \">\r\n        Nawguraw lis-sitt studenti mill-?????? ?????? ?????? ?? ????? fi \u0127dan il-????? 12?? ??? li g\u0127ada s-Sibt (12\/12\/20) g\u0127andhom l-e\u017cami tat-teorija            <\/div>\r\n            <a class=\"element element_6  read_more \"\r\n            target=\"\"\r\n            href=\"https:\/\/amanteattardsom.com\/?p=387\"><\/a>\r\n        <\/div>\r\n    <\/div>\n  <\/div>    <\/div>\n    <div class=\"pagination\">\n      <div class=\"paginate\">\n    <span class=\"page-numbers current\">1<\/span>\n<a class=\"page-numbers\" href=\"https:\/\/amanteattardsom.com\/index.php?rest_route=%2Fwp%2Fv2%2Fpages%2F46&#038;paged=2\">2<\/a>\n<a class=\"page-numbers\" href=\"https:\/\/amanteattardsom.com\/index.php?rest_route=%2Fwp%2Fv2%2Fpages%2F46&#038;paged=3\">3<\/a>\n<a class=\"next page-numbers\" href=\"https:\/\/amanteattardsom.com\/index.php?rest_route=%2Fwp%2Fv2%2Fpages%2F46&#038;paged=2\">Next \u00bb<\/a>  <\/div>\n  <style type=\"text\/css\">\n    #post-grid-90 .pagination .page-numbers {\n      font-size: 16px;\n      color: #fff;\n      background: #646464;\n    }\n\n    #post-grid-90 .pagination .page-numbers:hover,\n    #post-grid-90 .pagination .page-numbers.current {\n      background: #4b4b4b;\n    }\n  <\/style>\n  <\/div>\n        <style type=\"text\/css\">\r\n            .layout-330 .element_0 {\r\n                            }\r\n\r\n                    <\/style>\r\n        <style type=\"text\/css\">\r\n        .layout-330 .element_1 {\r\n            overflow: hidden;\r\n                    }\r\n\r\n        .layout-330 .element_1 img {\r\n            max-width: 100%;\r\n            height: auto;\r\n        }\r\n\r\n        @media only screen and (min-width: 1024px) {\r\n            .layout-330 .element_1 {\r\n                height: auto;\r\n                            }\r\n        }\r\n\r\n        @media only screen and (min-width: 768px) and (max-width: 1023px) {\r\n            .layout-330 .element_1 {\r\n                height: auto;\r\n                            }\r\n        }\r\n\r\n        @media only screen and (min-width: 0px) and (max-width: 767px) {\r\n            .layout-330 .element_1 {\r\n                height: auto;\r\n                            }\r\n        }\r\n    <\/style>\r\n        <style type=\"text\/css\">\r\n            .layout-330 .element_3 {\r\n                            }\r\n\r\n                    <\/style>\r\n        <style type=\"text\/css\">\r\n        .layout-330 .element_4 {\r\n            display: block;font-size: 21px;line-height: normal;padding: 5px 10px;text-align: left; text-decoration: none;        }\r\n\r\n        .layout-330 .element_4 a {\r\n                    }\r\n    <\/style>\r\n    <style type=\"text\/css\">\r\n        .layout-330 .element_5 {\r\n            display: block;font-size: 14px;padding: 5px 10px;text-align: left;        }\r\n\r\n        .layout-330 .element_5 a {\r\n                    }\r\n    <\/style>\r\n    <style type=\"text\/css\">\r\n        .layout-330 .element_6 {\r\n            display: block;font-size: 12px;font-weight: bold;padding: 0 10px;text-align: left;text-decoration: none;        }\r\n\r\n        .layout-330 .element_6 a {\r\n                    }\r\n    <\/style>\r\n        <style type=\"text\/css\">\n      .layout-330 a{text-decoration:none}\r\n.layout-330 {\r\n  vertical-align: top;\r\n}\r\n.layout-330 .layer-media{}\r\n.layout-330 .layer-content {\r\n}    <\/style>\n    <script>\n          <\/script>\n    <style type=\"text\/css\">\n    #post-grid-90 {\n      padding: 10px;\n          }\n\n    #post-grid-90 .item {\n      padding: 0px;\n      background: #fff;\n          }\n\n    #post-grid-90 .item .layer-media {\n      height:auto;    }\n\n    @media only screen and (min-width: 0px) and (max-width: 767px) {\n      #post-grid-90 .grid-items {\n        text-align: center;\n              }\n\n      #post-grid-90 .item {\n        width: 90%;\n        margin: 10px;\n        display: inline-block;\n        vertical-align: top;\n        height:auto;      }\n    }\n\n    @media only screen and (min-width: 768px) and (max-width: 1023px) {\n      #post-grid-90 .grid-items {\n        text-align: center;\n              }\n\n      #post-grid-90 .item {\n        width: 280px;\n        margin: 10px;\n        display: inline-block;\n        vertical-align: top;\n        max-height:auto;      }\n    }\n\n    @media only screen and (min-width: 1024px) {\n      #post-grid-90 .grid-items {\n        text-align: center;\n              }\n\n      #post-grid-90 .item {\n        width: 280px;\n        display: inline-block;\n        margin: 10px;\n        vertical-align: top;\n        height:auto;      }\n    }\n\n      <\/style>\n  <\/div>\n<\/div>\n<\/body>","protected":false},"excerpt":{"rendered":"<p>Most recent updates<\/p>\n","protected":false},"author":1,"featured_media":0,"parent":0,"menu_order":0,"comment_status":"closed","ping_status":"closed","template":"fullwidth.php","meta":{"_exactmetrics_skip_tracking":false,"_exactmetrics_sitenote_active":false,"_exactmetrics_sitenote_note":"","_exactmetrics_sitenote_category":0,"_mc_calendar":[]},"_links":{"self":[{"href":"https:\/\/amanteattardsom.com\/index.php?rest_route=\/wp\/v2\/pages\/46"}],"collection":[{"href":"https:\/\/amanteattardsom.com\/index.php?rest_route=\/wp\/v2\/pages"}],"about":[{"href":"https:\/\/amanteattardsom.com\/index.php?rest_route=\/wp\/v2\/types\/page"}],"author":[{"embeddable":true,"href":"https:\/\/amanteattardsom.com\/index.php?rest_route=\/wp\/v2\/users\/1"}],"replies":[{"embeddable":true,"href":"https:\/\/amanteattardsom.com\/index.php?rest_route=%2Fwp%2Fv2%2Fcomments&post=46"}],"version-history":[{"count":8,"href":"https:\/\/amanteattardsom.com\/index.php?rest_route=\/wp\/v2\/pages\/46\/revisions"}],"predecessor-version":[{"id":111,"href":"https:\/\/amanteattardsom.com\/index.php?rest_route=\/wp\/v2\/pages\/46\/revisions\/111"}],"wp:attachment":[{"href":"https:\/\/amanteattardsom.com\/index.php?rest_route=%2Fwp%2Fv2%2Fmedia&parent=46"}],"curies":[{"name":"wp","href":"https:\/\/api.w.org\/{rel}","templated":true}]}}