{"id":17,"date":"2019-09-03T19:27:28","date_gmt":"2019-09-03T19:27:28","guid":{"rendered":"http:\/\/amanteattardsom.com\/?page_id=17"},"modified":"2019-09-11T18:16:57","modified_gmt":"2019-09-11T18:16:57","slug":"daniel-vella","status":"publish","type":"page","link":"https:\/\/amanteattardsom.com\/?page_id=17","title":{"rendered":"Daniel Vella"},"content":{"rendered":"<body><p><\/p>\n<h2>Tutor for Brass instruments<\/h2>\n<p><img class=\"alignright size-medium wp-image-69\" src=\"https:\/\/i0.wp.com\/amanteattardsom.com\/wp-content\/uploads\/2019\/09\/Daniel-Vella.jpg?resize=225%2C300&#038;ssl=1\" alt=\"\" width=\"225\" height=\"300\" loading=\"lazy\" data-recalc-dims=\"1\">Daniel Vella started his musical studies at G\u0127aqda Mu\u017cikali Marija Bambina, Banda Vittorja in Naxxar. Eventually he continued his studies with Joe Agius, Ray Cremona, Lawrence Borg and Paul Borg. He also attended various masterclasses with international musicians, including world-renowned trumpet player Reinhold Friedrich. In 2007 and 2019 respectively, Daniel Vella achieved the ATCL and the LTCL diplomas in trumpet.<\/p>\n<p>Vella is very active in the local musical scene. He has played with various artists and orchestras in musicals and concerts such as the Malta Philharmonic Orchestra and the Big Band Brothers. For many times he has performed as a virtuosic soloist with a number of Maltese wind bands. He has also performed on various band albums and at album launches including those of the renowned band The Riffs and the group No Snow No Alps. On an international level, Vella has performed in music festivals held in England, Sicily, Portugal and Tunisia.<\/p>\n<p>Daniel Vella is also the composer of various band and funeral marches amongst other works. In fact, in 2019 he composed and published the album G\u0127aliex, a collection of funeral marches. He is also a music arranger. Currently he is the music director of the G\u0127aqda Mu\u017cikali San Leonardo of Kirkop.<\/p>\n<\/body>","protected":false},"excerpt":{"rendered":"<p>Tutor for Brass instruments Daniel Vella started his musical studies at G\u0127aqda Mu\u017cikali Marija Bambina, Banda Vittorja in Naxxar. Eventually he continued his studies with Joe Agius, Ray Cremona, Lawrence Borg and Paul Borg. He also attended various masterclasses with international musicians, including world-renowned trumpet player Reinhold Friedrich. In 2007 and 2019 respectively, Daniel Vella [&hellip;]<\/p>\n","protected":false},"author":1,"featured_media":0,"parent":0,"menu_order":0,"comment_status":"closed","ping_status":"closed","template":"fullwidth.php","meta":{"_exactmetrics_skip_tracking":false,"_exactmetrics_sitenote_active":false,"_exactmetrics_sitenote_note":"","_exactmetrics_sitenote_category":0,"_mc_calendar":[]},"_links":{"self":[{"href":"https:\/\/amanteattardsom.com\/index.php?rest_route=\/wp\/v2\/pages\/17"}],"collection":[{"href":"https:\/\/amanteattardsom.com\/index.php?rest_route=\/wp\/v2\/pages"}],"about":[{"href":"https:\/\/amanteattardsom.com\/index.php?rest_route=\/wp\/v2\/types\/page"}],"author":[{"embeddable":true,"href":"https:\/\/amanteattardsom.com\/index.php?rest_route=\/wp\/v2\/users\/1"}],"replies":[{"embeddable":true,"href":"https:\/\/amanteattardsom.com\/index.php?rest_route=%2Fwp%2Fv2%2Fcomments&post=17"}],"version-history":[{"count":8,"href":"https:\/\/amanteattardsom.com\/index.php?rest_route=\/wp\/v2\/pages\/17\/revisions"}],"predecessor-version":[{"id":188,"href":"https:\/\/amanteattardsom.com\/index.php?rest_route=\/wp\/v2\/pages\/17\/revisions\/188"}],"wp:attachment":[{"href":"https:\/\/amanteattardsom.com\/index.php?rest_route=%2Fwp%2Fv2%2Fmedia&parent=17"}],"curies":[{"name":"wp","href":"https:\/\/api.w.org\/{rel}","templated":true}]}}